{"id":5584,"date":"2024-03-22T14:00:35","date_gmt":"2024-03-22T13:00:35","guid":{"rendered":"https:\/\/www.lzsgrudzice.pl\/?page_id=5584"},"modified":"2026-01-13T14:10:09","modified_gmt":"2026-01-13T13:10:09","slug":"szkolka","status":"publish","type":"page","link":"https:\/\/www.lzsgrudzice.pl\/index.php\/szkolka\/","title":{"rendered":"Szk\u00f3\u0142ka"},"content":{"rendered":"\n<p class=\"has-text-align-center has-xx-large-font-size\"><strong>Akademia pi\u0142karska LZS Grudzice<\/strong><\/p>\n\n\n\n<div style=\"height:5vh\" aria-hidden=\"true\" class=\"wp-block-spacer\"><\/div>\n\n\n\n<p class=\"has-text-align-center\">Sk\u0142adka cz\u0142onkowska zwi\u0105zana z udzia\u0142em w zaj\u0119ciach wynosi 130 z\u0142 miesi\u0119cznie.<br><br>Op\u0142ata wnoszona jest z g\u00f3ry do 10. dnia ka\u017cdego miesi\u0105ca przelewem na rachunek:<br><br><strong>40 1600 1462 1804 9418 8000 0004<\/strong><br><br>Tytu\u0142em:<br><br>Akademia Pi\u0142karska imi\u0119 i nazwisko, miesi\u0105c.<\/p>\n\n\n\n<div style=\"height:5vh\" aria-hidden=\"true\" class=\"wp-block-spacer\"><\/div>\n\n\n\n<p class=\"has-text-align-center has-x-large-font-size\"><strong><a href=\"https:\/\/www.lzsgrudzice.pl\/wp-content\/uploads\/2025\/07\/Regulamin-szkolki-LZS-Grudzice_2025.pdf\" data-type=\"link\" data-id=\"https:\/\/www.lzsgrudzice.pl\/wp-content\/uploads\/2025\/07\/Regulamin-szkolki-LZS-Grudzice_2025.pdf\" target=\"_blank\" rel=\"noreferrer noopener\">Regulamin Szk\u00f3\u0142ki Pi\u0142karskiej<\/a><\/strong><\/p>\n","protected":false},"excerpt":{"rendered":"<p>Akademia pi\u0142karska LZS Grudzice Sk\u0142adka cz\u0142onkowska zwi\u0105zana z udzia\u0142em w zaj\u0119ciach wynosi 130 z\u0142 miesi\u0119cznie. Op\u0142ata wnoszona jest z g\u00f3ry do 10. dnia ka\u017cdego miesi\u0105ca przelewem na rachunek: 40 1600 1462 1804 9418 8000 0004 Tytu\u0142em: Akademia Pi\u0142karska imi\u0119 i nazwisko, miesi\u0105c. Regulamin Szk\u00f3\u0142ki Pi\u0142karskiej<\/p>\n","protected":false},"author":1,"featured_media":0,"parent":0,"menu_order":0,"comment_status":"closed","ping_status":"closed","template":"","meta":{"footnotes":""},"class_list":["post-5584","page","type-page","status-publish","hentry"],"_links":{"self":[{"href":"https:\/\/www.lzsgrudzice.pl\/index.php\/wp-json\/wp\/v2\/pages\/5584","targetHints":{"allow":["GET"]}}],"collection":[{"href":"https:\/\/www.lzsgrudzice.pl\/index.php\/wp-json\/wp\/v2\/pages"}],"about":[{"href":"https:\/\/www.lzsgrudzice.pl\/index.php\/wp-json\/wp\/v2\/types\/page"}],"author":[{"embeddable":true,"href":"https:\/\/www.lzsgrudzice.pl\/index.php\/wp-json\/wp\/v2\/users\/1"}],"replies":[{"embeddable":true,"href":"https:\/\/www.lzsgrudzice.pl\/index.php\/wp-json\/wp\/v2\/comments?post=5584"}],"version-history":[{"count":7,"href":"https:\/\/www.lzsgrudzice.pl\/index.php\/wp-json\/wp\/v2\/pages\/5584\/revisions"}],"predecessor-version":[{"id":5907,"href":"https:\/\/www.lzsgrudzice.pl\/index.php\/wp-json\/wp\/v2\/pages\/5584\/revisions\/5907"}],"wp:attachment":[{"href":"https:\/\/www.lzsgrudzice.pl\/index.php\/wp-json\/wp\/v2\/media?parent=5584"}],"curies":[{"name":"wp","href":"https:\/\/api.w.org\/{rel}","templated":true}]}}